{"id":11,"date":"2014-11-28T14:03:03","date_gmt":"2014-11-28T12:03:03","guid":{"rendered":"http:\/\/www.cardselect.info\/DE\/?page_id=11"},"modified":"2016-11-25T12:43:57","modified_gmt":"2016-11-25T10:43:57","slug":"datenschutz","status":"publish","type":"page","link":"https:\/\/www.cardselect.info\/DE\/datenschutz\/","title":{"rendered":"Datenschutz &#038; Cookies"},"content":{"rendered":"<p><strong>Datenschutz\u00a0&amp; Cookies<br \/>\n<\/strong>Der Autor nimmt den Schutz personenbezogener Daten sehr ernst. Wir m\u00f6chten, dass Sie wissen, wann wir welche Daten speichern und wie wir sie verwenden. Als privatrechtliches Unternehmen unterliegen wir den Bestimmungen des Bundesdatenschutzgesetzes (BDSG). Wir haben technische und organisatorische Ma\u00dfnahmen getroffen, die sicherstellen, dass die Vorschriften \u00fcber den Datenschutz sowohl von uns als auch von externen Dienstleistern beachtet werden.<\/p>\n<p><strong>Personenbezogene Daten\/ Unternehmensdaten<br \/>\n<\/strong>Personenbezogene Daten sind Informationen, die dazu genutzt werden k\u00f6nnen, Ihre Identit\u00e4t zu erfahren. Darunter fallen Informationen wie Ihr richtiger Name, Adresse, Postanschrift, Telefonnummer. Informationen, die nicht direkt mit Ihrer wirklichen Identit\u00e4t in Verbindung gebracht werden (wie zum Beispiel favorisierte Webseiten oder Anzahl der Nutzer einer Seite) fallen nicht darunter. Unternehmensdaten sind Informationen, die dazu genutzt werden k\u00f6nnen, Ihre Identit\u00e4t zu erfahren. Firmenname, Adresse, Postanschrift, Telefonnummer, Umsatzsteuer-identifikationsnummer.<\/p>\n<p>Sie k\u00f6nnen unsere Website ohne Ihre Identit\u00e4t nutzen. Wenn Sie sich f\u00fcr eines unserer Produkte oder einen werden wir Sie nach Ihrem Namen und den Firmennamen und andere pers\u00f6nliche \/ Gesch\u00e4ftsdaten fragen. Es ist Ihre Entscheidung, ob Sie diese Daten eingeben.<\/p>\n<p><strong>Webhosting<\/strong><br \/>\nIhre Angaben speichern wir auf besonders gesch\u00fctzten Servern in Niederlande. Der Zugriff darauf ist nur wenigen besonders befugten Personen m\u00f6glich, die mit der technischen, kaufm\u00e4nnischen oder redaktionellen Betreuung der Server befasst sind.<\/p>\n<p>In Verbindung mit Ihrem Zugriff werden auf unseren Servern Daten f\u00fcr Sicherungszwecke gespeichert, die m\u00f6glicherweise eine Identifizierung zulassen (zum Beispiel IP-Adresse, Datum, Uhrzeit und betrachtete Seiten). Es findet keine personenbezogene Verwertung statt. Die statistische Auswertung anonymisierter Datens\u00e4tze bleibt vorbehalten.<\/p>\n<p><strong>Weitergabe personenbezogener Informationen an Dritte<\/strong><br \/>\nWir verwenden Ihre personenbezogenen Informationen im Falle von Produktbestellungen nur innerhalb der Firma des Autors sowie der verbundenen Unternehmen. Wir geben sie nicht ohne Ihr ausdr\u00fcckliches Einverst\u00e4ndnis an Dritte weiter. Sollten im Rahmen der Auftragsdatenverarbeitung Daten an Dienstleister weitergegeben werden, so sind diese an das BDSG, andere gesetzliche Vorschriften und vertraglich an die Privacy Policy des Autors gebunden. Soweit wir gesetzlich oder per Gerichtsbeschluss dazu verpflichtet sind, werden wir Ihre Daten an auskunftsberechtigte Stellen \u00fcbermitteln.<\/p>\n<p><strong>Recht auf Widerruf<\/strong><br \/>\nWenn Sie den Autor auffordern, Ihre personenbezogenen Daten nicht f\u00fcr die weitere Kontaktaufnahme zu verwenden und\/oder zu l\u00f6schen, so wird entsprechend verfahren.<\/p>\n<p>Daten, die f\u00fcr eine Auftragsabwicklung bzw. zu kaufm\u00e4nnischen Zwecken zwingend erforderlich sind, sind von einer K\u00fcndigung beziehungsweise von einer L\u00f6schung nicht ber\u00fchrt.<\/p>\n<p>Bitte haben Sie Verst\u00e4ndnis daf\u00fcr, dass im Falle des Widerrufs ein personalisierter Service nicht mehr erbracht werden kann, da er auf der Verwendung der Kundendaten aufbaut.<\/p>\n<p><strong>Einsatz von Cookies<\/strong><br \/>\nIn Cookies werden w\u00e4hrend einer Onlinesitzung Textinformationen gesammelt und in einer speziellen Datei im ASCII-Format (cookie.txt) auf der Festplatte des Benutzers abgelegt. Wohin der Cookie beim Anwender gespeichert wird, kontrolliert der WWW-Browser des Anwenders. Cookies sind Informationen, die bei dem n\u00e4chsten Onlinebesuch an den Server zur\u00fcckgesandt werden. Sie k\u00f6nnen jeweils nur von dem Server, der sie vorher auch abgelegt hat, gelesen werden.<\/p>\n<p>Sollte der Autor zuk\u00fcnftig zur Realisation dringend erforderlicher Benutzerfunktionen (z.B. zur Erleichterung der Navigation einer Website) Cookies verwenden, so werden wir an der entsprechenden Stelle darauf hinweisen.<\/p>\n<p>Eine Nutzung unserer Angebote ist generell auch ohne Cookies m\u00f6glich. Die meisten Browser sind so eingestellt, dass sie Cookies automatisch akzeptieren. Sie k\u00f6nnen das Speichern von Cookies jedoch deaktivieren oder Ihren Browser so einstellen, dass er Sie benachrichtigt, sobald Cookies gesendet werden.<\/p>\n<p><strong>Hinweis zu Google Analytics<\/strong><br \/>\nDiese Website benutzt Google Analytics, einen Webanalysedienst der Google Inc. (&#8220;Google&#8221;). Google Analytics verwendet sog. &#8220;Cookies&#8221;, Textdateien, die auf Ihrem Computer gespeichert werden und die eine Analyse der Benutzung der Website durch Sie erm\u00f6glicht. Die durch den Cookie erzeugten Informationen \u00fcber Ihre Benutzung dieser Website (einschlie\u00dflich Ihrer IP-Adresse) werden an einen Server von Google in den USA \u00fcbertragen und dort gespeichert.<\/p>\n<p>Google wird diese Informationen benutzen, um Ihre Nutzung der Website auszuwerten, um Reports \u00fcber die Websiteaktivit\u00e4ten f\u00fcr die Websitebetreiber zusammenzustellen und um weitere mit der Websitenutzung und der Internetnutzung verbundene Dienstleistungen zu erbringen. Auch wird Google diese Informationen gegebenenfalls an Dritte \u00fcbertragen, sofern dies gesetzlich vorgeschrieben oder soweit Dritte diese Daten im Auftrag von Google verarbeiten.<\/p>\n<p>Google wird in keinem Fall Ihre IP-Adresse mit anderen Daten von Google in Verbindung bringen. Sie k\u00f6nnen die Installation der Cookies durch eine entsprechende Einstellung Ihrer Browser Software verhindern; wir weisen Sie jedoch darauf hin, dass Sie in diesem Fall gegebenenfalls nicht s\u00e4mtliche Funktionen dieser Website voll umf\u00e4nglich nutzen k\u00f6nnen. Durch die Nutzung dieser Website erkl\u00e4ren Sie sich mit der Bearbeitung der \u00fcber Sie erhobenen Daten durch Google in der zuvor beschriebenen Art und Weise und zu dem zuvor benannten Zweck einverstanden.<\/p>\n<p>Der Erhebung und Nutzung Ihrer IP-Adresse durch Google Analytics k\u00f6nnen Sie jederzeit mit Wirkung f\u00fcr die Zukunft widersprechen. N\u00e4here Informationen hierzu finden Sie unter: https:\/\/tools.google.com\/dlpage\/gaoptout?hl=de. Wir weisen Sie darauf hin, dass auf dieser Webseite Google Analytics um den Code &#8220;gat._anonymizeIp();&#8221; erweitert wurde, um eine anonymisierte Erfassung von IP-Adressen zu gew\u00e4hrleisten.<\/p>\n<p><strong>Kinder<\/strong><br \/>\nPersonen unter 18 Jahren sollten ohne Zustimmung der Eltern oder Erziehungsberechtigten keine personenbezogenen Daten an uns \u00fcbermitteln. Wir fordern keine personenbezogenen Daten von Kindern an, sammeln diese nicht und geben sie nicht an Dritte weiter.<\/p>\n<p><strong>Links zu anderen Websites<\/strong><br \/>\nUnser Online-Angebot enth\u00e4lt Links zu anderen Websites. Wir haben keinen Einfluss darauf, dass deren Betreiber die Datenschutzbestimmungen einhalten.<\/p>\n<p><strong>Fragen und Kommentare<\/strong><br \/>\nF\u00fcr Fragen, Anregungen oder Kommentare zum Thema Datenschutz wenden Sie sich bitte per E-Mail an den Verantwortlichen des Autors: cardselect@cardselect.info. Die rasante Entwicklung des Internet macht von Zeit zu Zeit Anpassungen in unserer Privacy Policy erforderlich. Sie werden an dieser Stelle \u00fcber die Neuerungen informiert.<\/p>\n<p>Costselect-Cardselect B.V. Goes, Niederlande 9 April 2015<\/p>\n","protected":false},"excerpt":{"rendered":"<p>Datenschutz\u00a0&amp; Cookies Der Autor nimmt den Schutz personenbezogener Daten sehr ernst. Wir m\u00f6chten, dass Sie wissen, wann wir welche Daten speichern und wie wir sie verwenden. Als privatrechtliches Unternehmen unterliegen wir den Bestimmungen des Bundesdatenschutzgesetzes (BDSG). Wir haben technische und organisatorische Ma\u00dfnahmen getroffen, die sicherstellen, dass die Vorschriften \u00fcber den Datenschutz sowohl von uns als <a href='https:\/\/www.cardselect.info\/DE\/datenschutz\/' class='excerpt-more'>[&#8230;]<\/a><\/p>\n","protected":false},"author":1,"featured_media":0,"parent":0,"menu_order":2,"comment_status":"closed","ping_status":"closed","template":"","meta":{"footnotes":""},"aioseo_notices":[],"_links":{"self":[{"href":"https:\/\/www.cardselect.info\/DE\/wp-json\/wp\/v2\/pages\/11"}],"collection":[{"href":"https:\/\/www.cardselect.info\/DE\/wp-json\/wp\/v2\/pages"}],"about":[{"href":"https:\/\/www.cardselect.info\/DE\/wp-json\/wp\/v2\/types\/page"}],"author":[{"embeddable":true,"href":"https:\/\/www.cardselect.info\/DE\/wp-json\/wp\/v2\/users\/1"}],"replies":[{"embeddable":true,"href":"https:\/\/www.cardselect.info\/DE\/wp-json\/wp\/v2\/comments?post=11"}],"version-history":[{"count":10,"href":"https:\/\/www.cardselect.info\/DE\/wp-json\/wp\/v2\/pages\/11\/revisions"}],"predecessor-version":[{"id":1618,"href":"https:\/\/www.cardselect.info\/DE\/wp-json\/wp\/v2\/pages\/11\/revisions\/1618"}],"wp:attachment":[{"href":"https:\/\/www.cardselect.info\/DE\/wp-json\/wp\/v2\/media?parent=11"}],"curies":[{"name":"wp","href":"https:\/\/api.w.org\/{rel}","templated":true}]}}