{"id":148,"date":"2014-11-28T21:25:52","date_gmt":"2014-11-28T19:25:52","guid":{"rendered":"http:\/\/www.cardselect.info\/DE\/?page_id=148"},"modified":"2016-12-03T03:12:47","modified_gmt":"2016-12-03T01:12:47","slug":"autokennzeichen-namensschilder-display","status":"publish","type":"page","link":"https:\/\/www.cardselect.info\/DE\/autokennzeichen-namensschilder-display\/","title":{"rendered":"Autokennzeichen-Namensschilder display"},"content":{"rendered":"<table border=\"0\">\n<tbody>\n<tr>\n<td><a href=\"https:\/\/www.cardselect.info\/DE\/wp-content\/uploads\/2014\/11\/Autokennzeichen-GROSSE-Namensschilder.jpg\"><img loading=\"lazy\" decoding=\"async\" class=\"alignnone size-full wp-image-1464\" src=\"https:\/\/www.cardselect.info\/DE\/wp-content\/uploads\/2014\/11\/Autokennzeichen-GROSSE-Namensschilder.jpg\" alt=\"Autokennzeichen-GROSSE-Namensschilder\" width=\"400\" height=\"900\" srcset=\"https:\/\/www.cardselect.info\/DE\/wp-content\/uploads\/2014\/11\/Autokennzeichen-GROSSE-Namensschilder.jpg 400w, https:\/\/www.cardselect.info\/DE\/wp-content\/uploads\/2014\/11\/Autokennzeichen-GROSSE-Namensschilder-133x300.jpg 133w\" sizes=\"(max-width: 400px) 100vw, 400px\" \/><\/a><\/td>\n<\/tr>\n<tr>\n<td>Die Autokennzeichen-Namensschilder sind\u00a0eine Top-Geschenkidee f\u00fcr Jung und Alt.\u00a0Mit ihrem unverwechselbaren Namensschriftzug\u00a0eignen sich die Namensschilder perfekt als\u00a0witziges\u00a0Accessoire f\u00fcr die Auto-Windschutzscheibe,\u00a0als Namensschild f\u00fcr die heimische Zimmert\u00fcr, bieten\u00a0ein pers\u00f6nliches Geschenk zum Geburtstag und \u00fcberzeugen\u00a0ganz besonders als \u00dcberraschung zur bestandenen F\u00fchrerscheinpr\u00fcfung. \u00a0Auch am Bobbycar oder\u00a0am Kettcar sind die Autokennzeichen-Namensschilder<br \/>\nsehr beliebt.Aus hochwertigem Wei\u00dfblech gefertigt und mit 3DPr\u00e4gungen<br \/>\nveredelt, sind die Autokennzeichen-\u00a0Namensschilder gleicherma\u00dfen robust, wie aufw\u00e4ndig\u00a0gestaltet.Aufgrund der gro\u00dfen Nachfrage bieten wir mittlerweile\u00a0zwei Displays mit je 136 Motiven an:\u00a0BS-1 enth\u00e4lt 131 Namen und 5 Spr\u00fcche,\u00a0BS-2 enth\u00e4lt 68 weitere Namen und 68 neue Spr\u00fcche.<br \/>\nNachbestellungen sind ab 3 St\u00fcck pro Motiv m\u00f6glich.<\/td>\n<\/tr>\n<tr>\n<td>Bestellinformationen in Adobe PDF\u00a0 BS1<br \/>\n<a href=\"https:\/\/www.cardselect.info\/DE\/wp-content\/uploads\/2016\/12\/Flyer_BS1-cardselect.pdf\">PDF1<\/a><br \/>\n<a href=\"https:\/\/www.cardselect.info\/DE\/wp-content\/uploads\/2016\/12\/Flyer_BS2-cardselect.pdf\">PDF2<\/a><\/td>\n<\/tr>\n<tr>\n<td>Bestellinformationen in Adobe PDF\u00a0BS2<br \/>\n<a href=\"https:\/\/www.cardselect.info\/DE\/wp-content\/uploads\/2016\/12\/Flyer_BS-2-1-cardselect.pdf\">PDF1<\/a><br \/>\n<a href=\"https:\/\/www.cardselect.info\/DE\/wp-content\/uploads\/2016\/12\/Flyer_BS-2-2-cardselect.pdf\">PDF2<\/a><\/td>\n<\/tr>\n<tr>\n<td><a href=\"https:\/\/www.cardselect.info\/DE\/name-produkte\/\"><img loading=\"lazy\" decoding=\"async\" class=\"alignnone wp-image-1476 size-full\" src=\"https:\/\/www.cardselect.info\/DE\/wp-content\/uploads\/2014\/11\/terug-e1447960547589.jpg\" alt=\"terug\" width=\"176\" height=\"32\" \/><\/a><\/td>\n<\/tr>\n<\/tbody>\n<\/table>\n","protected":false},"excerpt":{"rendered":"<p>Die Autokennzeichen-Namensschilder sind\u00a0eine Top-Geschenkidee f\u00fcr Jung und Alt.\u00a0Mit ihrem unverwechselbaren Namensschriftzug\u00a0eignen sich die Namensschilder perfekt als\u00a0witziges\u00a0Accessoire f\u00fcr die Auto-Windschutzscheibe,\u00a0als Namensschild f\u00fcr die heimische Zimmert\u00fcr, bieten\u00a0ein pers\u00f6nliches Geschenk zum Geburtstag und \u00fcberzeugen\u00a0ganz besonders als \u00dcberraschung zur bestandenen F\u00fchrerscheinpr\u00fcfung. \u00a0Auch am Bobbycar oder\u00a0am Kettcar sind die Autokennzeichen-Namensschilder sehr beliebt.Aus hochwertigem Wei\u00dfblech gefertigt und mit 3DPr\u00e4gungen veredelt, sind <a href='https:\/\/www.cardselect.info\/DE\/autokennzeichen-namensschilder-display\/' class='excerpt-more'>[&#8230;]<\/a><\/p>\n","protected":false},"author":3,"featured_media":0,"parent":0,"menu_order":0,"comment_status":"closed","ping_status":"closed","template":"","meta":{"footnotes":""},"aioseo_notices":[],"_links":{"self":[{"href":"https:\/\/www.cardselect.info\/DE\/wp-json\/wp\/v2\/pages\/148"}],"collection":[{"href":"https:\/\/www.cardselect.info\/DE\/wp-json\/wp\/v2\/pages"}],"about":[{"href":"https:\/\/www.cardselect.info\/DE\/wp-json\/wp\/v2\/types\/page"}],"author":[{"embeddable":true,"href":"https:\/\/www.cardselect.info\/DE\/wp-json\/wp\/v2\/users\/3"}],"replies":[{"embeddable":true,"href":"https:\/\/www.cardselect.info\/DE\/wp-json\/wp\/v2\/comments?post=148"}],"version-history":[{"count":44,"href":"https:\/\/www.cardselect.info\/DE\/wp-json\/wp\/v2\/pages\/148\/revisions"}],"predecessor-version":[{"id":1883,"href":"https:\/\/www.cardselect.info\/DE\/wp-json\/wp\/v2\/pages\/148\/revisions\/1883"}],"wp:attachment":[{"href":"https:\/\/www.cardselect.info\/DE\/wp-json\/wp\/v2\/media?parent=148"}],"curies":[{"name":"wp","href":"https:\/\/api.w.org\/{rel}","templated":true}]}}