{"id":15,"date":"2014-11-28T14:03:22","date_gmt":"2014-11-28T12:03:22","guid":{"rendered":"http:\/\/www.cardselect.info\/DE\/?page_id=15"},"modified":"2016-11-28T14:26:53","modified_gmt":"2016-11-28T12:26:53","slug":"partnerseiten","status":"publish","type":"page","link":"https:\/\/www.cardselect.info\/DE\/partnerseiten\/","title":{"rendered":"Partnerseiten"},"content":{"rendered":"<p><strong>Koinonia Verlag<\/strong><br \/>\nKoinonia ist eine rum\u00e4nische Verlag\u00a0und ist in Klausenburg (Cluj) befindet.<br \/>\n<a title=\"Koinonia\" href=\"https:\/\/www.koinonia.ro\">www.koinonia.ro<\/a><\/p>\n<p><strong>CE UNION<\/strong><br \/>\nCE-UNION ist eine christliche Organisation, die wohlt\u00e4tige Arbeit in Rum\u00e4nien t\u00e4tig ist.<br \/>\n<a href=\"https:\/\/ce-union.ro\/ce\/index.php\/hu\/\">www.ce-union.ro<\/a><\/p>\n<p><a title=\"Koinonia\" href=\"https:\/\/www.koinonia.ro\">\u00a0<\/a><\/p>\n","protected":false},"excerpt":{"rendered":"<p>Koinonia Verlag Koinonia ist eine rum\u00e4nische Verlag\u00a0und ist in Klausenburg (Cluj) befindet. www.koinonia.ro CE UNION CE-UNION ist eine christliche Organisation, die wohlt\u00e4tige Arbeit in Rum\u00e4nien t\u00e4tig ist. www.ce-union.ro \u00a0<\/p>\n","protected":false},"author":1,"featured_media":0,"parent":0,"menu_order":4,"comment_status":"closed","ping_status":"closed","template":"","meta":{"footnotes":""},"aioseo_notices":[],"_links":{"self":[{"href":"https:\/\/www.cardselect.info\/DE\/wp-json\/wp\/v2\/pages\/15"}],"collection":[{"href":"https:\/\/www.cardselect.info\/DE\/wp-json\/wp\/v2\/pages"}],"about":[{"href":"https:\/\/www.cardselect.info\/DE\/wp-json\/wp\/v2\/types\/page"}],"author":[{"embeddable":true,"href":"https:\/\/www.cardselect.info\/DE\/wp-json\/wp\/v2\/users\/1"}],"replies":[{"embeddable":true,"href":"https:\/\/www.cardselect.info\/DE\/wp-json\/wp\/v2\/comments?post=15"}],"version-history":[{"count":12,"href":"https:\/\/www.cardselect.info\/DE\/wp-json\/wp\/v2\/pages\/15\/revisions"}],"predecessor-version":[{"id":1758,"href":"https:\/\/www.cardselect.info\/DE\/wp-json\/wp\/v2\/pages\/15\/revisions\/1758"}],"wp:attachment":[{"href":"https:\/\/www.cardselect.info\/DE\/wp-json\/wp\/v2\/media?parent=15"}],"curies":[{"name":"wp","href":"https:\/\/api.w.org\/{rel}","templated":true}]}}