{"id":177,"date":"2014-11-28T23:09:05","date_gmt":"2014-11-28T21:09:05","guid":{"rendered":"http:\/\/www.cardselect.info\/DE\/?page_id=177"},"modified":"2016-12-03T02:38:53","modified_gmt":"2016-12-03T00:38:53","slug":"ortsschild-flaschenoffner","status":"publish","type":"page","link":"https:\/\/www.cardselect.info\/DE\/ortsschild-flaschenoffner\/","title":{"rendered":"Ortsschild-Flaschen\u00f6ffner"},"content":{"rendered":"<table border=\"0\">\n<tbody>\n<tr>\n<td><img loading=\"lazy\" decoding=\"async\" class=\"alignnone wp-image-1363 size-full\" src=\"https:\/\/www.cardselect.info\/DE\/wp-content\/uploads\/2014\/11\/Ortsschild-Flaschen\u00f6ffner.jpg\" alt=\"Ortsschild-Flaschen\u00f6ffner\" width=\"400\" height=\"900\" srcset=\"https:\/\/www.cardselect.info\/DE\/wp-content\/uploads\/2014\/11\/Ortsschild-Flaschen\u00f6ffner.jpg 400w, https:\/\/www.cardselect.info\/DE\/wp-content\/uploads\/2014\/11\/Ortsschild-Flaschen\u00f6ffner-133x300.jpg 133w\" sizes=\"(max-width: 400px) 100vw, 400px\" \/><\/td>\n<\/tr>\n<tr>\n<td>Ob beim Grillen, Camping oder Fu\u00dfball\u00a0schauen, der magnetische Ortsschild-<br \/>\nFlaschen\u00f6ffner ist ein treuer Helfer in\u00a0<span style=\"line-height: 1.5em;\">vielen Situationen.\u00a0<\/span>Dieser Flaschen\u00f6ffner ist ein Renner auf<br \/>\n<span style=\"line-height: 1.5em;\">jeder Party, alle m\u00f6chten gern ihr Bier mit diesem praktischen\u00a0<\/span><span style=\"line-height: 1.5em;\">und handlichen \u00d6ffner k\u00f6pfen, er ist das ideale<br \/>\nGeschenk f\u00fcr\u00a0<\/span><span style=\"line-height: 1.5em;\">jeden Gastgeber!\u00a0<\/span>Erh\u00e4ltlich ist der Flaschen\u00f6ffner\u00a0mit Vornamen und\u00a0witzigen, frechen Spr\u00fcchen.<\/td>\n<\/tr>\n<tr>\n<td>Gefertigt werden die Flaschen\u00f6ffner aus\u00a0hochwertigem ABS-Kunststoff\u00a0und stabilem Metall<br \/>\nim Format 7 x 4,5 cm.\u00a0Der Clou ist ein Magnet auf\u00a0der R\u00fcckseite. Damit kann\u00a0man den Flaschen\u00f6ffner ganz leicht an der K\u00fchlschrankt\u00fcr\u00a0und jeder anderen metallischen Fl\u00e4che befestigen,\u00a0oder direkt auf dem Kronkorken seiner Flasche platzieren.\u00a0Derzeit haben wir 104 Namen und 104 Spr\u00fcche im Programm.\u00a0Geliefert werden die Albatros Ortsschild-\u00a0Flaschen\u00f6ffner mit einem\u00a0208-fach Display \u00e0 3 St\u00fcck pro Motiv.\u00a0Nachbestellungen sind ab 3 St\u00fcck\u00a0pro Motiv m\u00f6glich.<\/td>\n<\/tr>\n<tr>\n<td>Bestellinformationen in Adobe PDF<a title=\"Bestellinformationen in Adobe PDF\" href=\"https:\/\/www.cardselect.info\/DE\/pdf\/Flyer_FS.pdf\"><br \/>\n<\/a><a href=\"https:\/\/www.cardselect.info\/DE\/wp-content\/uploads\/2016\/12\/Flyer_FS1.pdf\">PDF1<br \/>\n<\/a><a href=\"https:\/\/www.cardselect.info\/DE\/wp-content\/uploads\/2016\/12\/Flyer_FS2.pdf\">PDF2<\/a><\/td>\n<\/tr>\n<tr>\n<td><a href=\"https:\/\/www.cardselect.info\/DE\/\"><img loading=\"lazy\" decoding=\"async\" class=\"alignnone wp-image-1476 size-full\" src=\"https:\/\/www.cardselect.info\/DE\/wp-content\/uploads\/2014\/11\/terug-e1447960547589.jpg\" alt=\"terug\" width=\"176\" height=\"32\" \/><\/a><\/td>\n<\/tr>\n<\/tbody>\n<\/table>\n<p>&nbsp;<\/p>\n<p>&nbsp;<\/p>\n","protected":false},"excerpt":{"rendered":"<p>Ob beim Grillen, Camping oder Fu\u00dfball\u00a0schauen, der magnetische Ortsschild- Flaschen\u00f6ffner ist ein treuer Helfer in\u00a0vielen Situationen.\u00a0Dieser Flaschen\u00f6ffner ist ein Renner auf jeder Party, alle m\u00f6chten gern ihr Bier mit diesem praktischen\u00a0und handlichen \u00d6ffner k\u00f6pfen, er ist das ideale Geschenk f\u00fcr\u00a0jeden Gastgeber!\u00a0Erh\u00e4ltlich ist der Flaschen\u00f6ffner\u00a0mit Vornamen und\u00a0witzigen, frechen Spr\u00fcchen. Gefertigt werden die Flaschen\u00f6ffner aus\u00a0hochwertigem ABS-Kunststoff\u00a0und stabilem <a href='https:\/\/www.cardselect.info\/DE\/ortsschild-flaschenoffner\/' class='excerpt-more'>[&#8230;]<\/a><\/p>\n","protected":false},"author":3,"featured_media":0,"parent":0,"menu_order":0,"comment_status":"closed","ping_status":"closed","template":"","meta":{"footnotes":""},"aioseo_notices":[],"_links":{"self":[{"href":"https:\/\/www.cardselect.info\/DE\/wp-json\/wp\/v2\/pages\/177"}],"collection":[{"href":"https:\/\/www.cardselect.info\/DE\/wp-json\/wp\/v2\/pages"}],"about":[{"href":"https:\/\/www.cardselect.info\/DE\/wp-json\/wp\/v2\/types\/page"}],"author":[{"embeddable":true,"href":"https:\/\/www.cardselect.info\/DE\/wp-json\/wp\/v2\/users\/3"}],"replies":[{"embeddable":true,"href":"https:\/\/www.cardselect.info\/DE\/wp-json\/wp\/v2\/comments?post=177"}],"version-history":[{"count":17,"href":"https:\/\/www.cardselect.info\/DE\/wp-json\/wp\/v2\/pages\/177\/revisions"}],"predecessor-version":[{"id":1853,"href":"https:\/\/www.cardselect.info\/DE\/wp-json\/wp\/v2\/pages\/177\/revisions\/1853"}],"wp:attachment":[{"href":"https:\/\/www.cardselect.info\/DE\/wp-json\/wp\/v2\/media?parent=177"}],"curies":[{"name":"wp","href":"https:\/\/api.w.org\/{rel}","templated":true}]}}