{"id":183,"date":"2014-11-28T23:19:21","date_gmt":"2014-11-28T21:19:21","guid":{"rendered":"http:\/\/www.cardselect.info\/DE\/?page_id=183"},"modified":"2016-12-03T02:02:45","modified_gmt":"2016-12-03T00:02:45","slug":"fruhstucksbretter","status":"publish","type":"page","link":"https:\/\/www.cardselect.info\/DE\/fruhstucksbretter\/","title":{"rendered":"Fr\u00fchst\u00fccksbretter"},"content":{"rendered":"<table border=\"0\">\n<tbody>\n<tr>\n<td>\u00a0<a href=\"https:\/\/www.cardselect.info\/DE\/wp-content\/uploads\/2014\/11\/Fr\u00fchst\u00fckbretter.jpg\"><img loading=\"lazy\" decoding=\"async\" class=\"alignnone size-full wp-image-1377\" src=\"https:\/\/www.cardselect.info\/DE\/wp-content\/uploads\/2014\/11\/Fr\u00fchst\u00fckbretter.jpg\" alt=\"Fr\u00fchst\u00fckbretter\" width=\"400\" height=\"900\" srcset=\"https:\/\/www.cardselect.info\/DE\/wp-content\/uploads\/2014\/11\/Fr\u00fchst\u00fckbretter.jpg 400w, https:\/\/www.cardselect.info\/DE\/wp-content\/uploads\/2014\/11\/Fr\u00fchst\u00fckbretter-133x300.jpg 133w\" sizes=\"(max-width: 400px) 100vw, 400px\" \/><\/a><\/td>\n<\/tr>\n<tr>\n<td>So f\u00e4ngt der Tag gut an:<br \/>\nmit den wundervollen Fr\u00fchst\u00fccksbrettchen\u00a0aus dem Hause ist jede Mahlzeit ein echter Genuss!Mit einer Gr\u00f6\u00dfe von 23 x 14 cm haben die Fr\u00fchst\u00fccksbrettchen\u00a0genau die richtige Gr\u00f6\u00dfe, um sich bequem eine gesunde\u00a0Stulle zu schmieren. Dabei hebt das florale Design sofort\u00a0die Stimmung und verhilft so zu einem guten Start in den Tag.Die Fr\u00fchst\u00fccksbrettchen gibt es in drei verschiedenen\u00a0Farben: die M\u00e4nnernamen finden sich auf gr\u00fcnen Brettchen, die der Frauen haben eine orange Farbe, und Brettchen mit Spr\u00fcchen\u00a0sind blau. Auf diese Weise ist f\u00fcr jeden etwas Passendes<br \/>\ndabei.Die Fr\u00fchst\u00fccksbrettchen sind hervorragend geeignet,\u00a0einem besonderen Menschen ein au\u00dfergew\u00f6hnliches pers\u00f6nliches\u00a0Geschenk zu machen.\u00a0Au\u00dferdem wei\u00df jeder sofort, wo sein Platz ist.<\/p>\n<p>Gefertigt werden die Fr\u00fchst\u00fccksbrettchen aus hochwertigem\u00a0Melamin, das speziell f\u00fcr den Kontakt mit Lebensmitteln geeignet ist. Mit einer Dicke von 2 mm sind sie \u00e4u\u00dferst robust,\u00a0zudem sind sie sp\u00fclmaschinenfest.<\/td>\n<\/tr>\n<tr>\n<td>Bestellinformationen in Adobe PDF<br \/>\n<a href=\"https:\/\/www.cardselect.info\/DE\/wp-content\/uploads\/2016\/12\/Flyer_FB1-cardselect.pdf\">PDF1<\/a><br \/>\n<a href=\"https:\/\/www.cardselect.info\/DE\/wp-content\/uploads\/2016\/12\/Flyer_FB2.pdf\">PDF2<\/a><\/td>\n<\/tr>\n<tr>\n<td><a href=\"https:\/\/www.cardselect.info\/DE\/name-produkte\/\"><img loading=\"lazy\" decoding=\"async\" class=\"alignnone wp-image-1476 size-full\" src=\"https:\/\/www.cardselect.info\/DE\/wp-content\/uploads\/2014\/11\/terug-e1447960547589.jpg\" alt=\"terug\" width=\"176\" height=\"32\" \/><\/a><\/td>\n<\/tr>\n<\/tbody>\n<\/table>\n","protected":false},"excerpt":{"rendered":"<p>\u00a0 So f\u00e4ngt der Tag gut an: mit den wundervollen Fr\u00fchst\u00fccksbrettchen\u00a0aus dem Hause ist jede Mahlzeit ein echter Genuss!Mit einer Gr\u00f6\u00dfe von 23 x 14 cm haben die Fr\u00fchst\u00fccksbrettchen\u00a0genau die richtige Gr\u00f6\u00dfe, um sich bequem eine gesunde\u00a0Stulle zu schmieren. Dabei hebt das florale Design sofort\u00a0die Stimmung und verhilft so zu einem guten Start in den <a href='https:\/\/www.cardselect.info\/DE\/fruhstucksbretter\/' class='excerpt-more'>[&#8230;]<\/a><\/p>\n","protected":false},"author":3,"featured_media":0,"parent":0,"menu_order":0,"comment_status":"closed","ping_status":"closed","template":"","meta":{"footnotes":""},"aioseo_notices":[],"_links":{"self":[{"href":"https:\/\/www.cardselect.info\/DE\/wp-json\/wp\/v2\/pages\/183"}],"collection":[{"href":"https:\/\/www.cardselect.info\/DE\/wp-json\/wp\/v2\/pages"}],"about":[{"href":"https:\/\/www.cardselect.info\/DE\/wp-json\/wp\/v2\/types\/page"}],"author":[{"embeddable":true,"href":"https:\/\/www.cardselect.info\/DE\/wp-json\/wp\/v2\/users\/3"}],"replies":[{"embeddable":true,"href":"https:\/\/www.cardselect.info\/DE\/wp-json\/wp\/v2\/comments?post=183"}],"version-history":[{"count":19,"href":"https:\/\/www.cardselect.info\/DE\/wp-json\/wp\/v2\/pages\/183\/revisions"}],"predecessor-version":[{"id":1835,"href":"https:\/\/www.cardselect.info\/DE\/wp-json\/wp\/v2\/pages\/183\/revisions\/1835"}],"wp:attachment":[{"href":"https:\/\/www.cardselect.info\/DE\/wp-json\/wp\/v2\/media?parent=183"}],"curies":[{"name":"wp","href":"https:\/\/api.w.org\/{rel}","templated":true}]}}