{"id":233,"date":"2014-11-28T12:14:02","date_gmt":"2014-11-28T10:14:02","guid":{"rendered":"http:\/\/www.cardselect.info\/DE\/?page_id=233"},"modified":"2016-12-03T03:23:04","modified_gmt":"2016-12-03T01:23:04","slug":"mini-autokennzeichen-namensschilder","status":"publish","type":"page","link":"https:\/\/www.cardselect.info\/DE\/mini-autokennzeichen-namensschilder\/","title":{"rendered":"MINI-Autokennzeichen-Namensschilder"},"content":{"rendered":"<table border=\"0\">\n<tbody>\n<tr>\n<td>\u00a0<img loading=\"lazy\" decoding=\"async\" class=\"alignnone wp-image-1358 size-full\" src=\"https:\/\/www.cardselect.info\/DE\/wp-content\/uploads\/2014\/11\/Mini-Autokennzeichen-Namens.jpg\" alt=\"Mini-Autokennzeichen-Namens\" width=\"400\" height=\"900\" srcset=\"https:\/\/www.cardselect.info\/DE\/wp-content\/uploads\/2014\/11\/Mini-Autokennzeichen-Namens.jpg 400w, https:\/\/www.cardselect.info\/DE\/wp-content\/uploads\/2014\/11\/Mini-Autokennzeichen-Namens-133x300.jpg 133w\" sizes=\"(max-width: 400px) 100vw, 400px\" \/><\/td>\n<\/tr>\n<tr>\n<td>Nach dem sensationellen Erfolg der Namensschilder\u00a0und der gro\u00dfen Nachfrage haben wir nun die\u00a0Blechschilder auch im handlichen Mini-Format im\u00a0Programm.<\/td>\n<\/tr>\n<tr>\n<td>Jetzt gibt es noch viel mehr Einsatzm\u00f6glichkeiten:\u00a0Mit einer Gr\u00f6\u00dfe von 15 x 4 cm haben die Mini-<br \/>\nNamensschilder genau die richtige Gr\u00f6\u00dfe, um sie beispielsweise\u00a0am Fahrrad zu befestigen.\u00a0Mit ihrem unverwechselbaren Namensschriftzug eignen\u00a0sich die Namensschilder perfekt als witziges<br \/>\nAccessoire f\u00fcr die Auto-Windschutzscheibe oder als\u00a0Namensschild f\u00fcr die heimische Zimmert\u00fcr. Sie sind ein<br \/>\npers\u00f6nliches Geschenk zum Geburtstag und \u00fcberzeugen\u00a0ganz besonders als \u00dcberraschung zur bestandenen F\u00fchrerscheinpr\u00fcfung.\u00a0Auch f\u00fcrs Bobbycar oder Kettcar sind die Mini-Namensschilder<br \/>\nhervorragend geeignet.<\/td>\n<\/tr>\n<tr>\n<td>Wie Sie es von unseren Namensschildern gewohnt\u00a0sind, sind auch die Mini-Namensschilder gleicherma\u00dfen<br \/>\nrobust wie aufw\u00e4ndig gestaltet. Sie werden aus\u00a0hochwertigem Wei\u00dfblech gefertigt und mit 3D Pr\u00e4gungen<br \/>\nveredelt.\u00a0Dar\u00fcber hinaus sorgen zwei mitgelieferte Saugn\u00e4pfe f\u00fcr\u00a0den richtigen Halt und Flexiblit\u00e4t. Je nach Verwendungszweck\u00a0k\u00f6nnen die Saugn\u00e4pfe von beiden Seiten der\u00a0Schilder angebracht werden oder bei Bedarf auch komplett\u00a0entnommen werden.<\/td>\n<\/tr>\n<tr>\n<td>Bestellinformationen in Adobe PDF<a title=\"Bestellinformationen in Adobe PDF\" href=\"https:\/\/www.cardselect.info\/DE\/pdf\/Flyer_BSM.pdf\"><br \/>\n<\/a>PDF1<br \/>\nPDF2<\/td>\n<\/tr>\n<tr>\n<td><a href=\"https:\/\/www.cardselect.info\/DE\/name-produkte\/\"><img loading=\"lazy\" decoding=\"async\" class=\"alignnone wp-image-1476 size-full\" src=\"https:\/\/www.cardselect.info\/DE\/wp-content\/uploads\/2014\/11\/terug-e1447960547589.jpg\" alt=\"terug\" width=\"176\" height=\"32\" \/><\/a><\/td>\n<\/tr>\n<\/tbody>\n<\/table>\n","protected":false},"excerpt":{"rendered":"<p>\u00a0 Nach dem sensationellen Erfolg der Namensschilder\u00a0und der gro\u00dfen Nachfrage haben wir nun die\u00a0Blechschilder auch im handlichen Mini-Format im\u00a0Programm. Jetzt gibt es noch viel mehr Einsatzm\u00f6glichkeiten:\u00a0Mit einer Gr\u00f6\u00dfe von 15 x 4 cm haben die Mini- Namensschilder genau die richtige Gr\u00f6\u00dfe, um sie beispielsweise\u00a0am Fahrrad zu befestigen.\u00a0Mit ihrem unverwechselbaren Namensschriftzug eignen\u00a0sich die Namensschilder perfekt als <a href='https:\/\/www.cardselect.info\/DE\/mini-autokennzeichen-namensschilder\/' class='excerpt-more'>[&#8230;]<\/a><\/p>\n","protected":false},"author":3,"featured_media":0,"parent":0,"menu_order":0,"comment_status":"closed","ping_status":"closed","template":"","meta":{"footnotes":""},"aioseo_notices":[],"_links":{"self":[{"href":"https:\/\/www.cardselect.info\/DE\/wp-json\/wp\/v2\/pages\/233"}],"collection":[{"href":"https:\/\/www.cardselect.info\/DE\/wp-json\/wp\/v2\/pages"}],"about":[{"href":"https:\/\/www.cardselect.info\/DE\/wp-json\/wp\/v2\/types\/page"}],"author":[{"embeddable":true,"href":"https:\/\/www.cardselect.info\/DE\/wp-json\/wp\/v2\/users\/3"}],"replies":[{"embeddable":true,"href":"https:\/\/www.cardselect.info\/DE\/wp-json\/wp\/v2\/comments?post=233"}],"version-history":[{"count":20,"href":"https:\/\/www.cardselect.info\/DE\/wp-json\/wp\/v2\/pages\/233\/revisions"}],"predecessor-version":[{"id":1886,"href":"https:\/\/www.cardselect.info\/DE\/wp-json\/wp\/v2\/pages\/233\/revisions\/1886"}],"wp:attachment":[{"href":"https:\/\/www.cardselect.info\/DE\/wp-json\/wp\/v2\/media?parent=233"}],"curies":[{"name":"wp","href":"https:\/\/api.w.org\/{rel}","templated":true}]}}