{"id":249,"date":"2014-11-28T12:40:39","date_gmt":"2014-11-28T10:40:39","guid":{"rendered":"http:\/\/www.cardselect.info\/DE\/?page_id=249"},"modified":"2016-12-03T03:21:07","modified_gmt":"2016-12-03T01:21:07","slug":"fun-schlusselbander","status":"publish","type":"page","link":"https:\/\/www.cardselect.info\/DE\/fun-schlusselbander\/","title":{"rendered":"FUN-Schl\u00fcsselb\u00e4nder"},"content":{"rendered":"<table border=\"0\">\n<tbody>\n<tr>\n<td><img loading=\"lazy\" decoding=\"async\" class=\"alignnone wp-image-1370 size-full\" src=\"https:\/\/www.cardselect.info\/DE\/wp-content\/uploads\/2014\/11\/Fun-Schlusselbander.jpg\" alt=\"Fun-Schlusselbander\" width=\"400\" height=\"900\" srcset=\"https:\/\/www.cardselect.info\/DE\/wp-content\/uploads\/2014\/11\/Fun-Schlusselbander.jpg 400w, https:\/\/www.cardselect.info\/DE\/wp-content\/uploads\/2014\/11\/Fun-Schlusselbander-133x300.jpg 133w\" sizes=\"(max-width: 400px) 100vw, 400px\" \/><\/td>\n<\/tr>\n<tr>\n<td>Nach unserem sensationellen Erfolg der\u00a0FUN-Schl\u00fcsselanh\u00e4nger haben wir das Design<br \/>\njetzt auf die FUN-Schl\u00fcsselb\u00e4nder umgesetzt.Genau wie die Vorg\u00e4nger bestechen die\u00a0FUN-Schl\u00fcsselb\u00e4nder mit ihrer farbenfrohen<br \/>\nErscheinung und verbreiten so gute Laune\u00a0und ziehen die Aufmerksamkeit auf sich.Jeden Buchstaben gibt es in zahllosen Farbvarianten\u00a0und mit unterschiedlichen Mustern.<br \/>\nSo bildet jeder Name wirklich eine hochindividuelle\u00a0Zusammenstellung, die unverwechselbar<br \/>\nist! Die intensiv leuchtenden Farben sind genau\u00a0aufeinander abgestimmt, so dass sich ein harmonisches<br \/>\nGesamtbild ergibt.<\/p>\n<p>Mit diesen praktischen Namensschl\u00fcsselb\u00e4ndern\u00a0haben Sie einen umsatzstarken Gewinner\u00a0an Ihrer Seite. Egal ob der eigene Schl\u00fcsselbund,\u00a0das Handy oder einfach der FUN-Schl\u00fcsselanh\u00e4nger,\u00a0alles findet an unserem FUNSchl\u00fcsselband<br \/>\nPlatz.<\/p>\n<p>Die FUN-Schl\u00fcsselb\u00e4nder verf\u00fcgen \u00fcber einen leicht bedienbaren Clip,\u00a0eine Kindersicherung im Nacken und einen universell einsetzbaren\u00a0Karabinerhaken. Das bedruckte Band mit dem Namen schmiegt sich\u00a0weich um den Hals.<\/p>\n<p>Die FUN-Schl\u00fcsselb\u00e4nder eignen sich hervorragend als Geschenk\u00a0zu allen Gelegenheiten, als Mitbringsel oder kleine Aufmerksamkeit.\u00a0Zus\u00e4tzlich zu den Namen gibt es noch 10 Spr\u00fcche und 39 unterschiediche\u00a0Motive.<\/td>\n<\/tr>\n<tr>\n<td>Bestellinformationen in Adobe PDF<br \/>\nPDF1<br \/>\nPDF2<\/td>\n<\/tr>\n<tr>\n<td>\u00a0<img loading=\"lazy\" decoding=\"async\" class=\"alignnone wp-image-1476\" src=\"https:\/\/www.cardselect.info\/DE\/wp-content\/uploads\/2014\/11\/terug.jpg\" alt=\"terug\" width=\"176\" height=\"32\" \/><\/td>\n<\/tr>\n<\/tbody>\n<\/table>\n","protected":false},"excerpt":{"rendered":"<p>Nach unserem sensationellen Erfolg der\u00a0FUN-Schl\u00fcsselanh\u00e4nger haben wir das Design jetzt auf die FUN-Schl\u00fcsselb\u00e4nder umgesetzt.Genau wie die Vorg\u00e4nger bestechen die\u00a0FUN-Schl\u00fcsselb\u00e4nder mit ihrer farbenfrohen Erscheinung und verbreiten so gute Laune\u00a0und ziehen die Aufmerksamkeit auf sich.Jeden Buchstaben gibt es in zahllosen Farbvarianten\u00a0und mit unterschiedlichen Mustern. So bildet jeder Name wirklich eine hochindividuelle\u00a0Zusammenstellung, die unverwechselbar ist! Die intensiv leuchtenden <a href='https:\/\/www.cardselect.info\/DE\/fun-schlusselbander\/' class='excerpt-more'>[&#8230;]<\/a><\/p>\n","protected":false},"author":3,"featured_media":0,"parent":0,"menu_order":0,"comment_status":"closed","ping_status":"closed","template":"","meta":{"footnotes":""},"aioseo_notices":[],"_links":{"self":[{"href":"https:\/\/www.cardselect.info\/DE\/wp-json\/wp\/v2\/pages\/249"}],"collection":[{"href":"https:\/\/www.cardselect.info\/DE\/wp-json\/wp\/v2\/pages"}],"about":[{"href":"https:\/\/www.cardselect.info\/DE\/wp-json\/wp\/v2\/types\/page"}],"author":[{"embeddable":true,"href":"https:\/\/www.cardselect.info\/DE\/wp-json\/wp\/v2\/users\/3"}],"replies":[{"embeddable":true,"href":"https:\/\/www.cardselect.info\/DE\/wp-json\/wp\/v2\/comments?post=249"}],"version-history":[{"count":15,"href":"https:\/\/www.cardselect.info\/DE\/wp-json\/wp\/v2\/pages\/249\/revisions"}],"predecessor-version":[{"id":1884,"href":"https:\/\/www.cardselect.info\/DE\/wp-json\/wp\/v2\/pages\/249\/revisions\/1884"}],"wp:attachment":[{"href":"https:\/\/www.cardselect.info\/DE\/wp-json\/wp\/v2\/media?parent=249"}],"curies":[{"name":"wp","href":"https:\/\/api.w.org\/{rel}","templated":true}]}}