{"id":25,"date":"2014-11-28T15:36:35","date_gmt":"2014-11-28T13:36:35","guid":{"rendered":"http:\/\/www.cardselect.info\/DE\/?page_id=25"},"modified":"2016-12-03T00:51:43","modified_gmt":"2016-12-02T22:51:43","slug":"aaaaa","status":"publish","type":"page","link":"https:\/\/www.cardselect.info\/DE\/","title":{"rendered":"St\u00e4nder produkte"},"content":{"rendered":"<table>\n<tbody>\n<tr>\n<td colspan=\"4\"><strong>Sher geehreter Besucher,<\/strong><br \/>\n<em><em>Diese Webseite ist im Aufbau. Von Albatros GmbH sind allein die Waren gek\u00e4uft und nicht die GmbH.Wir suchen fur Deutschland und die Schweiz vetreter welche auf provisions basis unsere Produkten verkaufen wollen. Fur weitere information koennen Sie anrufen: Herr G.Slabbekoorn 0031-621237477<\/em><\/em><\/td>\n<\/tr>\n<tr>\n<td colspan=\"4\"><img loading=\"lazy\" decoding=\"async\" class=\"alignnone wp-image-1242 size-full\" src=\"https:\/\/www.cardselect.info\/DE\/wp-content\/uploads\/2014\/03\/St\u00e4nder-Namen-Produkte2.jpg\" alt=\"St\u00e4nder-Namen-Produkte\" width=\"200\" height=\"30\" \/><\/td>\n<\/tr>\n<tr>\n<td><a href=\"https:\/\/www.cardselect.info\/DE\/farbige-postschilder\/\"><img loading=\"lazy\" decoding=\"async\" class=\"alignnone wp-image-1534\" src=\"https:\/\/www.cardselect.info\/DE\/wp-content\/uploads\/2014\/11\/Thumbnail-Farbige-postschilder1.jpg\" alt=\"Thumbnail-Farbige-postschilder\" width=\"176\" height=\"240\" \/><\/a><\/td>\n<td><a href=\"https:\/\/www.cardselect.info\/DE\/mini-autokennzeichen-namensschilder\/\"><img loading=\"lazy\" decoding=\"async\" class=\"alignnone wp-image-1356 size-full\" src=\"https:\/\/www.cardselect.info\/DE\/wp-content\/uploads\/2015\/11\/display.MINI-Autokennezeich.Thumbnail-e1447944709604.jpg\" alt=\"display.MINI-Autokennezeich.Thumbnail\" width=\"176\" height=\"240\" \/><\/a><\/td>\n<td><a href=\"https:\/\/www.cardselect.info\/DE\/ortsschild-flaschenoffner\/\"><img loading=\"lazy\" decoding=\"async\" class=\"alignnone wp-image-1361 size-full\" src=\"https:\/\/www.cardselect.info\/DE\/wp-content\/uploads\/2014\/11\/Ortsschild-Flaschenoffner.thumbnail-e1447944963602.jpg\" alt=\"Ortsschild-Flaschenoffner.thumbnail\" width=\"176\" height=\"240\" \/><\/a><\/td>\n<td><a href=\"https:\/\/www.cardselect.info\/DE\/fun-schlusselanhanger\/\"><img loading=\"lazy\" decoding=\"async\" class=\"alignnone wp-image-1425\" src=\"https:\/\/www.cardselect.info\/DE\/wp-content\/uploads\/2014\/11\/display.Fun-Schlusselanhang1.jpg\" alt=\"display.Fun-Schlusselanhang\" width=\"176\" height=\"240\" \/><\/a><\/td>\n<\/tr>\n<tr>\n<td><a href=\" https:\/\/www.cardselect.info\/DE\/fun-schlusselbander\/\"><img loading=\"lazy\" decoding=\"async\" class=\"alignnone wp-image-1373\" src=\"https:\/\/www.cardselect.info\/DE\/wp-content\/uploads\/2014\/11\/display.FUN-Schlusselbander.jpg\" alt=\"display.FUN-Schlusselbander\" width=\"176\" height=\"240\" \/><\/a><\/td>\n<td><a href=\"https:\/\/www.cardselect.info\/DE\/autokennzeichen-namensschilder-display\/\"><img loading=\"lazy\" decoding=\"async\" class=\"alignnone wp-image-1462\" src=\"https:\/\/www.cardselect.info\/DE\/wp-content\/uploads\/2014\/11\/display.Autokennzeichen-Nam.jpg\" alt=\"display.Autokennzeichen-Nam\" width=\"176\" height=\"240\" \/><\/a><\/td>\n<td><a href=\"https:\/\/www.cardselect.info\/DE\/fruhstucksbretter\/\"><img loading=\"lazy\" decoding=\"async\" class=\"alignnone wp-image-1375 size-full\" src=\"https:\/\/www.cardselect.info\/DE\/wp-content\/uploads\/2014\/11\/display.Fruhstucksbretter.deutschland.thumbnail-e1447945902478.jpg\" alt=\"display.Fruhstucksbretter.deutschland.thumbnail\" width=\"176\" height=\"240\" \/><\/a><\/td>\n<td><a href=\"https:\/\/www.cardselect.info\/DE\/name-produkte\/\"><img loading=\"lazy\" decoding=\"async\" class=\"alignnone wp-image-1298\" src=\"https:\/\/www.cardselect.info\/DE\/wp-content\/uploads\/2014\/03\/Weitere-standere1.jpg\" alt=\"Weitere-standere\" width=\"176\" height=\"120\" \/><\/a><\/td>\n<\/tr>\n<tr>\n<td colspan=\"4\"><img loading=\"lazy\" decoding=\"async\" class=\"alignnone wp-image-1243 size-full\" src=\"https:\/\/www.cardselect.info\/DE\/wp-content\/uploads\/2014\/03\/Weitere-St\u00e4nder-Produkte1.jpg\" alt=\"Weitere-St\u00e4nder-Produkte\" width=\"200\" height=\"30\" \/><\/td>\n<\/tr>\n<tr>\n<td><a href=\"https:\/\/www.cardselect.info\/DE\/namen-auto\/\"><img loading=\"lazy\" decoding=\"async\" class=\"alignnone wp-image-1379 size-full\" src=\"https:\/\/www.cardselect.info\/DE\/wp-content\/uploads\/2014\/11\/display-e1447946067573.jpg\" alt=\"display\" width=\"176\" height=\"240\" \/><\/a><\/td>\n<td><a href=\"https:\/\/www.cardselect.info\/DE\/pop-out\/\"><img loading=\"lazy\" decoding=\"async\" class=\"alignnone wp-image-1499\" src=\"https:\/\/www.cardselect.info\/DE\/wp-content\/uploads\/2014\/11\/display.pop-out.jpg\" alt=\"display.pop-out\" width=\"176\" height=\"240\" \/><\/a><\/td>\n<td><\/td>\n<td><\/td>\n<\/tr>\n<tr>\n<td colspan=\"4\"><a href=\"https:\/\/www.cardselect.info\/DE\/wp-content\/uploads\/2014\/03\/Gl\u00fcckwunschkarten2.jpg\"><br \/>\n<img loading=\"lazy\" decoding=\"async\" class=\"alignnone size-full wp-image-1241\" src=\"https:\/\/www.cardselect.info\/DE\/wp-content\/uploads\/2014\/03\/Gl\u00fcckwunschkarten2.jpg\" alt=\"Gl\u00fcckwunschkarten\" width=\"200\" height=\"30\" \/><\/a><\/td>\n<\/tr>\n<tr>\n<td><a href=\"https:\/\/www.cardselect.info\/DE\/cardgroup-120-halter\/\"><img loading=\"lazy\" decoding=\"async\" class=\"alignnone wp-image-1279\" src=\"https:\/\/www.cardselect.info\/DE\/wp-content\/uploads\/2014\/03\/Cardgroup-120-halter.jpg\" alt=\"Cardgroup-120-halter\" width=\"176\" height=\"240\" \/><\/a><\/td>\n<td><a href=\"https:\/\/www.cardselect.info\/DE\/mv-karten\/\"><img loading=\"lazy\" decoding=\"async\" class=\"alignnone wp-image-1508\" src=\"https:\/\/www.cardselect.info\/DE\/wp-content\/uploads\/2014\/11\/display.mvkarten2.jpg\" alt=\"display.mvkarten2\" width=\"176\" height=\"240\" \/><\/a><\/td>\n<td><a href=\"https:\/\/www.cardselect.info\/DE\/cardgroup-karten\/\"><img loading=\"lazy\" decoding=\"async\" class=\"alignnone wp-image-1513\" src=\"https:\/\/www.cardselect.info\/DE\/wp-content\/uploads\/2014\/11\/display.cardgroup.thumbnail.jpg\" alt=\"display.cardgroup.thumbnail\" width=\"176\" height=\"240\" \/><\/a><\/td>\n<td><a href=\"https:\/\/www.cardselect.info\/DE\/weihnachtskarte\/\"><img loading=\"lazy\" decoding=\"async\" class=\"alignnone wp-image-1147\" src=\"https:\/\/www.cardselect.info\/DE\/wp-content\/uploads\/2014\/03\/Kerstkaarten-Deutsch.jpg\" alt=\"Kerstkaarten-Deutsch\" width=\"176\" height=\"240\" \/><\/a><\/td>\n<\/tr>\n<tr>\n<td><a href=\"https:\/\/www.cardselect.info\/DE\/cardgroup-karten-2\/\"><img loading=\"lazy\" decoding=\"async\" class=\"alignnone wp-image-1515\" src=\"https:\/\/www.cardselect.info\/DE\/wp-content\/uploads\/2014\/11\/display.cardgroup2.jpg\" alt=\"display.cardgroup2\" width=\"176\" height=\"240\" \/><\/a><\/td>\n<td><a href=\"https:\/\/www.cardselect.info\/DE\/panorama-karten\/\"><img loading=\"lazy\" decoding=\"async\" class=\"alignnone wp-image-1460\" src=\"https:\/\/www.cardselect.info\/DE\/wp-content\/uploads\/2014\/11\/display.Panorama1.jpg\" alt=\"display.Panorama\" width=\"176\" height=\"240\" \/><\/a><\/td>\n<td><a href=\"https:\/\/www.cardselect.info\/DE\/panoramakarten3seiten\/\"><img loading=\"lazy\" decoding=\"async\" class=\"alignnone wp-image-1518\" src=\"https:\/\/www.cardselect.info\/DE\/wp-content\/uploads\/2014\/11\/display.panorama3seiten.jpg\" alt=\"display.panorama3seiten\" width=\"176\" height=\"240\" \/><\/a><\/td>\n<td><a href=\"https:\/\/www.cardselect.info\/DE\/maxi-karten\/\"><img loading=\"lazy\" decoding=\"async\" class=\"alignnone wp-image-1522\" src=\"https:\/\/www.cardselect.info\/DE\/wp-content\/uploads\/2014\/11\/display.maxikarten.thumbnail.jpg\" alt=\"display.maxikarten.thumbnail\" width=\"176\" height=\"240\" \/><\/a><\/td>\n<\/tr>\n<tr>\n<td><a href=\"https:\/\/www.cardselect.info\/DE\/groovy\/\"><img loading=\"lazy\" decoding=\"async\" class=\"alignnone wp-image-1587\" src=\"https:\/\/www.cardselect.info\/DE\/wp-content\/uploads\/2014\/11\/thumbnail.Groovy.jpg\" alt=\"thumbnail.Groovy\" width=\"178\" height=\"243\" \/><\/a><\/td>\n<td><\/td>\n<td><\/td>\n<td><\/td>\n<\/tr>\n<tr>\n<td colspan=\"4\"><a href=\"https:\/\/www.cardselect.info\/DE\/wp-content\/uploads\/2014\/03\/St\u00e4nder-K\u00fcste-Produkte1.jpg\"><br \/>\n<img loading=\"lazy\" decoding=\"async\" class=\"alignnone wp-image-1239 size-full\" src=\"https:\/\/www.cardselect.info\/DE\/wp-content\/uploads\/2014\/03\/St\u00e4nder-K\u00fcste-Produkte1.jpg\" alt=\"St\u00e4nder-K\u00fcste-Produkte\" width=\"200\" height=\"30\" \/><\/a><\/td>\n<\/tr>\n<tr>\n<td><a href=\"https:\/\/www.cardselect.info\/DE\/kuste-karten\/\"><img loading=\"lazy\" decoding=\"async\" class=\"alignnone wp-image-1447\" src=\"https:\/\/www.cardselect.info\/DE\/wp-content\/uploads\/2014\/11\/display2.jpg\" alt=\"display\" width=\"176\" height=\"240\" \/><\/a><\/td>\n<td><a href=\"https:\/\/www.cardselect.info\/DE\/pantofel-schlusselhanger\/\"><img loading=\"lazy\" decoding=\"async\" class=\"alignnone wp-image-1430\" src=\"https:\/\/www.cardselect.info\/DE\/wp-content\/uploads\/2014\/11\/display.pantofel.jpg\" alt=\"display.pantofel\" width=\"176\" height=\"240\" \/><\/a><\/td>\n<td><img loading=\"lazy\" decoding=\"async\" class=\"alignnone wp-image-1384\" src=\"https:\/\/www.cardselect.info\/DE\/wp-content\/uploads\/2014\/11\/display.tiere_.deutschland1.jpg\" alt=\"display.tiere_.deutschland1\" width=\"176\" height=\"240\" \/><\/td>\n<td><\/td>\n<\/tr>\n<tr>\n<td colspan=\"4\"><a href=\"https:\/\/www.cardselect.info\/DE\/wp-content\/uploads\/2014\/03\/Weitere-St\u00e4nder-Produkte.jpg\"><br \/>\n<img loading=\"lazy\" decoding=\"async\" class=\"alignnone size-full wp-image-1235\" src=\"https:\/\/www.cardselect.info\/DE\/wp-content\/uploads\/2014\/03\/Weitere-St\u00e4nder-Produkte.jpg\" alt=\"Weitere-St\u00e4nder-Produkte\" width=\"200\" height=\"30\" \/><\/a><\/td>\n<\/tr>\n<tr>\n<td><a href=\"https:\/\/www.cardselect.info\/DE\/party-fun\/\"><img loading=\"lazy\" decoding=\"async\" class=\"alignnone wp-image-1343\" src=\"https:\/\/www.cardselect.info\/DE\/wp-content\/uploads\/2014\/11\/display.Partyfun.jpg\" alt=\"display.Partyfun\" width=\"176\" height=\"240\" \/><\/a><\/td>\n<td><a href=\"https:\/\/www.cardselect.info\/DE\/gadget-stander\/\"><img loading=\"lazy\" decoding=\"async\" class=\"alignnone wp-image-1452\" src=\"https:\/\/www.cardselect.info\/DE\/wp-content\/uploads\/2014\/11\/display.OFB_.jpg\" alt=\"display.OFB\" width=\"176\" height=\"240\" \/><\/a><\/td>\n<td><a href=\"https:\/\/www.cardselect.info\/DE\/kurzwaren\/\"><img loading=\"lazy\" decoding=\"async\" class=\"alignnone wp-image-1445\" src=\"https:\/\/www.cardselect.info\/DE\/wp-content\/uploads\/2014\/11\/display.Kurzwaren.jpg\" alt=\"display.Kurzwaren\" width=\"176\" height=\"240\" \/><\/a><\/td>\n<td><a href=\"https:\/\/www.cardselect.info\/DE\/haarmode\/\"><img loading=\"lazy\" decoding=\"async\" class=\"alignnone wp-image-1439\" src=\"https:\/\/www.cardselect.info\/DE\/wp-content\/uploads\/2014\/11\/display.haarmode.jpg\" alt=\"display.haarmode\" width=\"176\" height=\"240\" \/><\/a><\/td>\n<\/tr>\n<tr>\n<td><img loading=\"lazy\" decoding=\"async\" class=\"alignnone wp-image-1525\" src=\"https:\/\/www.cardselect.info\/DE\/wp-content\/uploads\/2014\/11\/snowboard-schlusselhanger.duits_.jpg\" alt=\"snowboard-schlusselhanger.duits\" width=\"176\" height=\"240\" \/><\/td>\n<td><a href=\"https:\/\/www.cardselect.info\/DE\/kasten-kugelschreiber\/\"><img loading=\"lazy\" decoding=\"async\" class=\"alignnone wp-image-1103\" src=\"https:\/\/www.cardselect.info\/DE\/wp-content\/uploads\/2014\/03\/display.toonbank.thumbnail.duitsland.jpg\" alt=\"display.toonbank.thumbnail.duitsland\" width=\"176\" height=\"240\" \/><\/a><\/td>\n<td><a href=\"https:\/\/www.cardselect.info\/DE\/kasten-kugelschreiber\/\"><img loading=\"lazy\" decoding=\"async\" class=\"alignnone wp-image-1306\" src=\"https:\/\/www.cardselect.info\/DE\/wp-content\/uploads\/2014\/03\/Pennen-bak.thumbnail.jpg\" alt=\"Pennen-bak.thumbnail\" width=\"176\" height=\"240\" \/><\/a><\/td>\n<td><\/td>\n<\/tr>\n<tr>\n<td colspan=\"4\"><a href=\"https:\/\/www.cardselect.info\/DE\/wp-content\/uploads\/2014\/03\/Neue-Produkten1.jpg\"><br \/>\n<img loading=\"lazy\" decoding=\"async\" class=\"alignnone size-full wp-image-1238\" src=\"https:\/\/www.cardselect.info\/DE\/wp-content\/uploads\/2014\/03\/Neue-Produkten1.jpg\" alt=\"Neue-Produkten\" width=\"200\" height=\"30\" \/><\/a><\/td>\n<\/tr>\n<tr>\n<td><a href=\"https:\/\/www.cardselect.info\/DE\/1163-2\/\"><img loading=\"lazy\" decoding=\"async\" class=\"alignnone wp-image-1161\" src=\"https:\/\/www.cardselect.info\/DE\/wp-content\/uploads\/2014\/03\/Mini-Tasjes-thumbnail-Deutschland.jpg\" alt=\"Mini-Tasjes-thumbnail-Deutschland\" width=\"176\" height=\"240\" \/><\/a><\/td>\n<td><a href=\"https:\/\/www.cardselect.info\/DE\/coast-to-coast-serie\/\"><img loading=\"lazy\" decoding=\"async\" class=\"alignnone wp-image-1160\" src=\"https:\/\/www.cardselect.info\/DE\/wp-content\/uploads\/2014\/03\/Coast-to-coast-thumbnail-deutschland.jpg\" alt=\"Coast-to-coast-thumbnail-deutschland\" width=\"176\" height=\"240\" \/><\/a><\/td>\n<td><a href=\"https:\/\/www.cardselect.info\/DE\/sparschwein\/\"><img loading=\"lazy\" decoding=\"async\" class=\"alignnone wp-image-1574\" src=\"https:\/\/www.cardselect.info\/DE\/wp-content\/uploads\/2014\/11\/thumbnail.Sparschweinen.jpg\" alt=\"thumbnail.Sparschweinen\" width=\"178\" height=\"243\" \/><\/a><\/td>\n<td><a href=\"https:\/\/www.cardselect.info\/DE\/namen-smiley-schlusselanhanger-display\/\"><img loading=\"lazy\" decoding=\"async\" class=\"alignnone wp-image-1640\" src=\"https:\/\/www.cardselect.info\/DE\/wp-content\/uploads\/2016\/11\/thumbnail.Smileynames.de_..jpg\" alt=\"thumbnail-smileynames-de\" width=\"178\" height=\"243\" \/><\/a><\/td>\n<\/tr>\n<tr>\n<td>\u00a0<a href=\"https:\/\/www.cardselect.info\/DE\/namen-surfbus\/\"><img loading=\"lazy\" decoding=\"async\" class=\"alignnone wp-image-1714\" src=\"https:\/\/www.cardselect.info\/DE\/wp-content\/uploads\/2014\/11\/thumbnail.Surfbus.de_.jpg\" alt=\"thumbnail-surfbus-de\" width=\"176\" height=\"240\" \/><\/a><\/td>\n<td><a href=\"https:\/\/www.cardselect.info\/DE\/steinen-herz-schlusselanhanger\/\"><img loading=\"lazy\" decoding=\"async\" class=\"alignnone wp-image-1765\" src=\"https:\/\/www.cardselect.info\/DE\/wp-content\/uploads\/2014\/11\/thumbnail.hartjes.de_.jpg\" alt=\"thumbnail-hartjes-de\" width=\"176\" height=\"240\" \/><\/a><\/td>\n<td><a href=\"https:\/\/www.cardselect.info\/DE\/schmuck\/ \"><img loading=\"lazy\" decoding=\"async\" class=\"alignnone wp-image-1780\" src=\"https:\/\/www.cardselect.info\/DE\/wp-content\/uploads\/2014\/11\/thumbnail.Smuck_1.jpg\" alt=\"thumbnail-schmuck\" width=\"176\" height=\"240\" \/><\/a><\/td>\n<td><\/td>\n<\/tr>\n<tr>\n<td colspan=\"4\"><sub>Cardselect \u00a0hat die folgenden Produkte: AutokennzeichenNamensschilder, FUN-Namensschilder, Design-Kugelschreiber, Ortsschild-Flaschen\u00f6ffner, Fr\u00fchst\u00fccksbretter, Fun-Schl\u00fcsselanh\u00e4nger, MINI-AutokennzeichenNamensschilder, FUN-Schl\u00fcsselanh\u00e4nger, Coole schilder,\u00a0Namens-P\u00e4sse, Warnschilder, I LOVE Schilder, Keks-Schl\u00fcsselanh\u00e4nger, 3D-Postkarten, Filz-Schl\u00fcsselanh\u00e4nger, Panorama karten, K\u00fcste karten, Pantofel-Schl\u00fcsselh\u00e4nger, Gadgets, Party fun, Kurz waren, Haarmode, Clip-Kugelschreiber, Albatros produkte<\/sub><\/td>\n<\/tr>\n<\/tbody>\n<\/table>\n","protected":false},"excerpt":{"rendered":"<p>Sher geehreter Besucher, Diese Webseite ist im Aufbau. Von Albatros GmbH sind allein die Waren gek\u00e4uft und nicht die GmbH.Wir suchen fur Deutschland und die Schweiz vetreter welche auf provisions basis unsere Produkten verkaufen wollen. Fur weitere information koennen Sie anrufen: Herr G.Slabbekoorn 0031-621237477 \u00a0 Cardselect \u00a0hat die folgenden Produkte: AutokennzeichenNamensschilder, FUN-Namensschilder, Design-Kugelschreiber, Ortsschild-Flaschen\u00f6ffner, Fr\u00fchst\u00fccksbretter, <a href='https:\/\/www.cardselect.info\/DE\/' class='excerpt-more'>[&#8230;]<\/a><\/p>\n","protected":false},"author":3,"featured_media":0,"parent":0,"menu_order":0,"comment_status":"closed","ping_status":"closed","template":"","meta":{"footnotes":""},"aioseo_notices":[],"_links":{"self":[{"href":"https:\/\/www.cardselect.info\/DE\/wp-json\/wp\/v2\/pages\/25"}],"collection":[{"href":"https:\/\/www.cardselect.info\/DE\/wp-json\/wp\/v2\/pages"}],"about":[{"href":"https:\/\/www.cardselect.info\/DE\/wp-json\/wp\/v2\/types\/page"}],"author":[{"embeddable":true,"href":"https:\/\/www.cardselect.info\/DE\/wp-json\/wp\/v2\/users\/3"}],"replies":[{"embeddable":true,"href":"https:\/\/www.cardselect.info\/DE\/wp-json\/wp\/v2\/comments?post=25"}],"version-history":[{"count":255,"href":"https:\/\/www.cardselect.info\/DE\/wp-json\/wp\/v2\/pages\/25\/revisions"}],"predecessor-version":[{"id":1827,"href":"https:\/\/www.cardselect.info\/DE\/wp-json\/wp\/v2\/pages\/25\/revisions\/1827"}],"wp:attachment":[{"href":"https:\/\/www.cardselect.info\/DE\/wp-json\/wp\/v2\/media?parent=25"}],"curies":[{"name":"wp","href":"https:\/\/api.w.org\/{rel}","templated":true}]}}