{"id":6,"date":"2014-11-28T13:59:31","date_gmt":"2014-11-28T11:59:31","guid":{"rendered":"http:\/\/www.cardselect.info\/DE\/?page_id=6"},"modified":"2016-11-16T22:49:11","modified_gmt":"2016-11-16T20:49:11","slug":"uber-uns","status":"publish","type":"page","link":"https:\/\/www.cardselect.info\/DE\/uber-uns\/","title":{"rendered":"Uber uns"},"content":{"rendered":"<p><span style=\"color: #ff0000;\">Diese Webseite ist im Aufbau!\u00a0<\/span><span style=\"color: #ff0000;\">Die \u00dcbersetzung wird mit google.translate von Dutch getan.<\/span><\/p>\n<p>Cardselect\u00a0ist eine Organisation, die Business-to -Business t\u00e4tig ist.<\/p>\n<p>Der Bereich der Karte ausw\u00e4hlen besteht haupts\u00e4chlich aus Gru\u00dfkarten, Postkarten , Produktname , Schl\u00fcsselanh\u00e4nger und Pl\u00fcsch -Produkte. Cardselect\u00a0pr\u00e4sentiert die Palette der verschiedenen Standards . Die St\u00e4ndarden werden mit Produkten der beiden relativ billig und den mittleren und h\u00f6heren Preisklasse angeboten . Die Standards\u00a0sind in einem Standard-Weg gemacht , kann aber auch gestellt werden. In Absprache mit dem Kunden Durch die langj\u00e4hrige Erfahrung im Vertrieb der Produkte werden die Verk\u00e4ufer der Cardselect k\u00f6nnen , um den Kunden mit ihrem Kauf mtb Experten beraten um ihre Zielgruppe . Zu einer Reihe von St\u00e4ndards kann auch ein Korb, der befestigt werden , um Reaktionsprodukte, die Cardselect liefern kann sein. Wird verwendet, um den Boden kommen.<\/p>\n<p>Cardselect hat eine breite Kundenbasis in den Niederlanden und Deutschland, und zu einem geringeren Teil in \u00d6sterreich, der Schweiz und Belgien.<\/p>\n<p><span style=\"line-height: 1.5em;\"> Herkunft der Organisation der Karte w\u00e4hlen<br \/>\n<\/span>Der Initiator der Cardselect, drs G.Slabbekoorn, seit 1994 professionell im Verlag Gru\u00dfkarten besch\u00e4ftigt, war der Grund, dass es eine attraktive Marge kann in den Karten erreicht werden, und es ist ein guter Markt f\u00fcr Gru\u00dfkarten zu sein scheint. Besonders in den letzten Jahren wuchs der Markt stetig. Dies war teilweise, weil die Leute verwenden mehr und mehr Zeit, um sich gegenseitig zu senden. Ticket Zur Zeit der Markt der Karten scheint sich stabilisiert zu haben, und das war ein wichtiger Grund f\u00fcr Karte Zum Aufnehmen. Andere Produkte im Bereich<\/p>\n","protected":false},"excerpt":{"rendered":"<p>Diese Webseite ist im Aufbau!\u00a0Die \u00dcbersetzung wird mit google.translate von Dutch getan. Cardselect\u00a0ist eine Organisation, die Business-to -Business t\u00e4tig ist. Der Bereich der Karte ausw\u00e4hlen besteht haupts\u00e4chlich aus Gru\u00dfkarten, Postkarten , Produktname , Schl\u00fcsselanh\u00e4nger und Pl\u00fcsch -Produkte. Cardselect\u00a0pr\u00e4sentiert die Palette der verschiedenen Standards . Die St\u00e4ndarden werden mit Produkten der beiden relativ billig und den <a href='https:\/\/www.cardselect.info\/DE\/uber-uns\/' class='excerpt-more'>[&#8230;]<\/a><\/p>\n","protected":false},"author":1,"featured_media":0,"parent":0,"menu_order":0,"comment_status":"closed","ping_status":"closed","template":"","meta":{"footnotes":""},"aioseo_notices":[],"_links":{"self":[{"href":"https:\/\/www.cardselect.info\/DE\/wp-json\/wp\/v2\/pages\/6"}],"collection":[{"href":"https:\/\/www.cardselect.info\/DE\/wp-json\/wp\/v2\/pages"}],"about":[{"href":"https:\/\/www.cardselect.info\/DE\/wp-json\/wp\/v2\/types\/page"}],"author":[{"embeddable":true,"href":"https:\/\/www.cardselect.info\/DE\/wp-json\/wp\/v2\/users\/1"}],"replies":[{"embeddable":true,"href":"https:\/\/www.cardselect.info\/DE\/wp-json\/wp\/v2\/comments?post=6"}],"version-history":[{"count":11,"href":"https:\/\/www.cardselect.info\/DE\/wp-json\/wp\/v2\/pages\/6\/revisions"}],"predecessor-version":[{"id":1597,"href":"https:\/\/www.cardselect.info\/DE\/wp-json\/wp\/v2\/pages\/6\/revisions\/1597"}],"wp:attachment":[{"href":"https:\/\/www.cardselect.info\/DE\/wp-json\/wp\/v2\/media?parent=6"}],"curies":[{"name":"wp","href":"https:\/\/api.w.org\/{rel}","templated":true}]}}