{"id":8,"date":"2014-11-28T14:02:17","date_gmt":"2014-11-28T12:02:17","guid":{"rendered":"http:\/\/www.cardselect.info\/DE\/?page_id=8"},"modified":"2015-09-07T23:53:44","modified_gmt":"2015-09-07T21:53:44","slug":"lieferbedingungen","status":"publish","type":"page","link":"https:\/\/www.cardselect.info\/DE\/lieferbedingungen\/","title":{"rendered":"Lieferbedingungen"},"content":{"rendered":"<p><span style=\"background-color: #ffffff; color: #ff0000;\">Diese Webseite ist im Aufbau!<\/span><\/p>\n<p><span style=\"color: #000000;\">Verkaufs-, Liefer- und Zahlungsbedingenungen<\/span><\/p>\n<p><span style=\"font-size: small;\">-Der Mindestbestell von Waren muss 150 Euro exklusive MwSt<\/span><br \/>\n<span style=\"font-size: small;\"> -Die wahl des Versandweges und des Verpackungsmaterials obliegt dem Verk\u00e4ufer. F\u00fcr die billigste Versandart wird nicht gehaftet. Eine Transportversicherung wird nicht abgeschlossen.<\/span><br \/>\n<span style=\"font-size: small;\">-Die Ware bleibt bis zur vollst\u00e4ndigen Bezahlung Eigentum des Verk\u00e4ufers.<\/span><br \/>\n<span style=\"font-size: small;\"> -Erf\u00fcllungsort und Gerichtsstand gegen\u00fcber Kaufleuten ist f\u00fcr alle sich aus dem Vertragsverh\u00e4ltnis ergebenden Streitigkeiten der Sitz des Verk\u00e4ufers. Dieser ist jedoch auch berechtigt, am Sitz des K\u00e4ufers zu klagen.<\/span><br \/>\n<span style=\"font-size: small;\"> -Auf das Vertragsverh\u00e4ltnis findet deutsches Recht Anwendung, bei grenz\u00fcberschreitendem Warenverkehr gilt das UN-Kaufrecht (CISG).<\/span><br \/>\n<span style=\"font-size: small;\"> -Durch etwaige Unwirksamkeit einer oder mehrerer Bestimmungen wird die Wirksamkeit der \u00fcbrigen Bestimmungen nicht ber\u00fchrt.<\/span><\/p>\n","protected":false},"excerpt":{"rendered":"<p>Diese Webseite ist im Aufbau! Verkaufs-, Liefer- und Zahlungsbedingenungen -Der Mindestbestell von Waren muss 150 Euro exklusive MwSt -Die wahl des Versandweges und des Verpackungsmaterials obliegt dem Verk\u00e4ufer. F\u00fcr die billigste Versandart wird nicht gehaftet. Eine Transportversicherung wird nicht abgeschlossen. -Die Ware bleibt bis zur vollst\u00e4ndigen Bezahlung Eigentum des Verk\u00e4ufers. -Erf\u00fcllungsort und Gerichtsstand gegen\u00fcber Kaufleuten <a href='https:\/\/www.cardselect.info\/DE\/lieferbedingungen\/' class='excerpt-more'>[&#8230;]<\/a><\/p>\n","protected":false},"author":1,"featured_media":0,"parent":0,"menu_order":1,"comment_status":"closed","ping_status":"closed","template":"","meta":{"footnotes":""},"aioseo_notices":[],"_links":{"self":[{"href":"https:\/\/www.cardselect.info\/DE\/wp-json\/wp\/v2\/pages\/8"}],"collection":[{"href":"https:\/\/www.cardselect.info\/DE\/wp-json\/wp\/v2\/pages"}],"about":[{"href":"https:\/\/www.cardselect.info\/DE\/wp-json\/wp\/v2\/types\/page"}],"author":[{"embeddable":true,"href":"https:\/\/www.cardselect.info\/DE\/wp-json\/wp\/v2\/users\/1"}],"replies":[{"embeddable":true,"href":"https:\/\/www.cardselect.info\/DE\/wp-json\/wp\/v2\/comments?post=8"}],"version-history":[{"count":14,"href":"https:\/\/www.cardselect.info\/DE\/wp-json\/wp\/v2\/pages\/8\/revisions"}],"predecessor-version":[{"id":1032,"href":"https:\/\/www.cardselect.info\/DE\/wp-json\/wp\/v2\/pages\/8\/revisions\/1032"}],"wp:attachment":[{"href":"https:\/\/www.cardselect.info\/DE\/wp-json\/wp\/v2\/media?parent=8"}],"curies":[{"name":"wp","href":"https:\/\/api.w.org\/{rel}","templated":true}]}}